{"id":3,"date":"2023-01-18T13:28:31","date_gmt":"2023-01-18T13:28:31","guid":{"rendered":"http:\/\/furioso.cambia-marketing.it\/?page_id=3"},"modified":"2023-01-30T13:33:47","modified_gmt":"2023-01-30T13:33:47","slug":"privacy-policy","status":"publish","type":"page","link":"https:\/\/relaisilfurioso.com\/en\/privacy-policy\/","title":{"rendered":"Privacy Policy"},"content":{"rendered":"<p>Gentile Utente desideriamo informarLa che il \u201cRegolamento Europeo 2016\/679 relativo alla protezione delle persone fisiche con riguardo al Trattamento dei Dati Personali, nonch\u00e9 alla libera circolazione di tali dati\u201d (da ora in poi \u201cGDPR\u201d) prevede la tutela delle persone e di altri soggetti rispetto al trattamento dei dati personali. IL FURIOSO di Nobile Alessandra, in qualit\u00e0 di \u201cTitolare\u201d del trattamento, ai sensi dell\u2019articolo 13 del GDPR, pertanto, Le fornisce le seguenti informazioni:<\/p>\n\n\n\n<h2 class=\"wp-block-heading\">Titolare del Trattamento dei Dati<\/h2>\n\n\n\n<p>Relais il Furioso<br>P. Iva 09866521009&nbsp;<br>Via Del Furioso, 12, 06057 Monte Castello di Vibio PG<br><a href=\"mailto:info@bebarcocadura.it\">info@relaisilfurioso.com<\/a><\/p>\n\n\n\n<h2 class=\"wp-block-heading\">Tipologie di Dati raccolti<\/h2>\n\n\n\n<p>Fra i Dati Personali raccolti da questa Applicazione, in modo autonomo o tramite terze parti, ci sono: Nome, Cognome, Numero di Telefono, Indirizzo, Nazione, Stato, Provincia, Email e CAP.<\/p>\n\n\n\n<p>Altri Dati Personali raccolti potrebbero essere indicati in altre sezioni di questa privacy policy o mediante testi informativi visualizzati contestualmente alla raccolta dei Dati stessi.<br>I Dati Personali possono essere inseriti volontariamente dall\u2019Utente, oppure raccolti in modo automatico durante l\u2019uso di questa Applicazione.<br>L\u2019eventuale utilizzo di Cookie \u2013 o di altri strumenti di tracciamento \u2013 da parte di questa Applicazione o dei titolari dei servizi terzi utilizzati da questa Applicazione, ove non diversamente precisato, ha la finalit\u00e0 di identificare l\u2019Utente e registrare le relative preferenze per finalit\u00e0 strettamente legate all\u2019erogazione del servizio richiesto dall\u2019Utente.<br>Il mancato conferimento da parte dell\u2019Utente di alcuni Dati Personali potrebbe impedire a questa Applicazione di erogare i propri servizi.<\/p>\n\n\n\n<p>L\u2019Utente si assume la responsabilit\u00e0 dei Dati Personali di terzi pubblicati o condivisi mediante questa Applicazione e garantisce di avere il diritto di comunicarli o diffonderli, liberando il Titolare da qualsiasi responsabilit\u00e0 verso terzi.<\/p>\n\n\n\n<h2 class=\"wp-block-heading\">Modalit\u00e0 e luogo del trattamento dei Dati raccolti<\/h2>\n\n\n\n<h3 class=\"wp-block-heading\">Modalit\u00e0 di trattamento<\/h3>\n\n\n\n<p>Il Titolare tratta i Dati Personali degli Utenti adottando le opportune misure di sicurezza volte ad impedire l\u2019accesso, la divulgazione, la modifica o la distruzione non autorizzate dei Dati Personali.<br>Il trattamento viene effettuato mediante strumenti informatici e\/o telematici, con modalit\u00e0 organizzative e con logiche strettamente correlate alle finalit\u00e0 indicate. Oltre al Titolare, in alcuni casi, potrebbero avere accesso ai Dati categorie di incaricati coinvolti nell\u2019organizzazione del sito (personale amministrativo, commerciale, marketing, legali, amministratori di sistema) ovvero soggetti esterni (come fornitori di servizi tecnici terzi, corrieri postali, hosting provider, societ\u00e0 informatiche, agenzie di comunicazione) nominati anche, se necessario, Responsabili del Trattamento da parte del Titolare. L\u2019elenco aggiornato dei Responsabili potr\u00e0 sempre essere richiesto al Titolare del Trattamento.<\/p>\n\n\n\n<h3 class=\"wp-block-heading\">Luogo<\/h3>\n\n\n\n<p>I Dati sono trattati presso le sedi operative del Titolare ed in ogni altro luogo in cui le parti coinvolte nel trattamento siano localizzate. Per ulteriori informazioni, contatta il Titolare.<\/p>\n\n\n\n<h3 class=\"wp-block-heading\">Tempi<\/h3>\n\n\n\n<p>I Dati sono trattati per il tempo necessario allo svolgimento del servizio richiesto dall\u2019Utente, o richiesto dalle finalit\u00e0 descritte in questo documento, e l\u2019Utente pu\u00f2 sempre chiedere l\u2019interruzione del Trattamento o la cancellazione dei Dati.<br>I Dati raccolti saranno archiviati per un periodo non superiore ai 15 mesi.<\/p>\n\n\n\n<h2 class=\"wp-block-heading\">Finalit\u00e0 del Trattamento dei Dati raccolti<\/h2>\n\n\n\n<p>I Dati dell\u2019Utente sono raccolti per consentire all\u2019applicazione di fornire i propri servizi, cos\u00ec come per le seguenti finalit\u00e0:Contattare l\u2019Utente.<\/p>\n\n\n\n<p>Le tipologie di Dati Personali utilizzati per ciascuna finalit\u00e0 sono indicati nelle sezioni specifiche di questo documento.<\/p>\n\n\n\n<h2 class=\"wp-block-heading\">Dettagli sul trattamento dei Dati Personali<\/h2>\n\n\n\n<p>I Dati Personali sono raccolti per le seguenti finalit\u00e0 ed utilizzando i seguenti servizi:<\/p>\n\n\n\n<ul class=\"wp-block-list\">\n<li>Modulo di contattoL\u2019Utente, compilando con i propri Dati il modulo di contatto, acconsente al loro utilizzo per rispondere alle richieste di informazioni, di preventivo, o di qualunque altra natura indicata dall\u2019intestazione del modulo.<br><br>Spuntando il campo \u201cS\u00ec, voglio ricevere le vostre news e promozioni\u201d l\u2019utente acconsente esplicitamente a ricevere informazioni promozionali via newsletter (email), SMS o Whatsapp.Dati personali raccolti:CAP, Cognome, Email, Indirizzo, Nazione, Nome, Numero di Telefono, Provincia e Stato.Form di iscrizione alla newsletter: viene raccolto l\u2019indirizzo email dell\u2019utente al fine di inviargli news, offerte, aggiornamenti e comunicazioni commerciali. In qualsiasi momento, l\u2019utente pu\u00f2 cancellarsi dalla newsletter cliccando sull\u2019apposito link presente in fondo a tutte le nostre email.<br><br>Tramite la nostra piattaforma di gestione della newsletter, riceviamo informazioni su chi apre la newsletter e clicca sui link. Le informazioni sull\u2019utilizzo dei messaggi ci serve a rendere sempre pi\u00f9 pertinenti e interessanti le nostre comunicazioni.<\/li>\n<\/ul>\n\n\n\n<h2 class=\"wp-block-heading\">Ulteriori informazioni sul trattamento<\/h2>\n\n\n\n<p>In qualsiasi momento, l\u2019utente pu\u00f2 richiedere al Titolare del trattamento di ricevere una copia, trasferire o cancellare i propri dati personali.I dati personali degli utenti raccolti tramite questo sito non vengono, in nessun caso, trasferiti a terzi senza previa autorizzazione da parte dell\u2019utente stesso.<br><br>I dati vengono gestiti e conservati per 10 anni nei nostri database, salvo richiesta di cancellazione da parte dell\u2019utente.<\/p>\n\n\n\n<h3 class=\"wp-block-heading\">Difesa in giudizio<\/h3>\n\n\n\n<p>I Dati Personali dell\u2019Utente possono essere utilizzati per la difesa da parte del Titolare in giudizio o nelle fasi propedeutiche alla sua eventuale instaurazione, da abusi nell\u2019utilizzo della stessa o dei servizi connessi da parte dell\u2019Utente.<\/p>\n\n\n\n<h3 class=\"wp-block-heading\">Informative specifiche<\/h3>\n\n\n\n<p>In aggiunta alle informazioni contenute in questa privacy policy, questa Applicazione potrebbe fornire all\u2019Utente delle informative contestuali riguardanti servizi specifici, o la raccolta ed il trattamento di Dati Personali.<\/p>\n\n\n\n<h3 class=\"wp-block-heading\">Log di sistema e manutenzione<\/h3>\n\n\n\n<p>Per necessit\u00e0 legate al funzionamento ed alla manutenzione, questa Applicazione e gli eventuali servizi terzi da essa utilizzati potrebbero raccogliere Log di sistema, ossia file che registrano le interazioni e che possono contenere anche Dati Personali, quali l\u2019indirizzo IP Utente.<\/p>\n\n\n\n<h3 class=\"wp-block-heading\">Informazioni non contenute in questa policy<\/h3>\n\n\n\n<p>Maggiori informazioni in relazione al trattamento dei Dati Personali potranno essere richieste in qualsiasi momento al Titolare del Trattamento utilizzando le informazioni di contatto.<\/p>\n\n\n\n<h3 class=\"wp-block-heading\">Esercizio dei diritti da parte degli Utenti<\/h3>\n\n\n\n<p>I soggetti cui si riferiscono i Dati Personali hanno il diritto in qualunque momento di ottenere la conferma dell\u2019esistenza o meno degli stessi presso il Titolare del Trattamento, di conoscerne il contenuto e l\u2019origine, di verificarne l\u2019esattezza o chiederne l\u2019integrazione, la cancellazione, l\u2019aggiornamento, la rettifica, la trasformazione in forma anonima o il blocco dei Dati Personali trattati in violazione di legge, nonch\u00e9 di opporsi in ogni caso, per motivi legittimi, al loro trattamento. Le richieste vanno rivolte al Titolare del Trattamento. L\u2019interessato pu\u00f2 proporre reclamo anche a un\u2019autorit\u00e0 di controllo.<\/p>\n\n\n\n<p>Questa Applicazione non supporta le richieste \u201cdo not track\u201d. Per conoscere se gli eventuali servizi di terze parti utilizzati le supportano, consulta le loro privacy policy.<\/p>\n\n\n\n<h3 class=\"wp-block-heading\">Modifiche a questa privacy policy<\/h3>\n\n\n\n<p>Il Titolare del Trattamento si riserva il diritto di apportare modifiche alla presente privacy policy in qualunque momento dandone pubblicit\u00e0 agli Utenti su questa pagina. Si prega dunque di consultare spesso questa pagina, prendendo come riferimento la data di ultima modifica indicata in fondo. Nel caso di mancata accettazione delle modifiche apportate alla presente privacy policy, l\u2019Utente \u00e8 tenuto a cessare l\u2019utilizzo di questa Applicazione e pu\u00f2 richiedere al Titolare del Trattamento di cancellare i propri Dati Personali. Salvo quanto diversamente specificato, la precedente privacy policy continuer\u00e0 ad applicarsi ai Dati Personali sino a quel momento raccolti.<\/p>\n\n\n\n<h3 class=\"wp-block-heading\">Definizioni e riferimenti legali<\/h3>\n\n\n\n<h4 class=\"wp-block-heading\">Dati Personali (o Dati)<\/h4>\n\n\n\n<p>Costituisce dato personale qualunque informazione relativa a persona fisica, identificata o identificabile, anche indirettamente, mediante riferimento a qualsiasi altra informazione, ivi compreso un numero di identificazione personale.<\/p>\n\n\n\n<h4 class=\"wp-block-heading\">Dati di Utilizzo<\/h4>\n\n\n\n<p>Sono i dati personali raccolti in maniera automatica dall\u2019Applicazione (o dalle applicazioni di parti terze che la stessa utilizza), tra i quali: gli indirizzi IP o i nomi a dominio dei computer utilizzati dall\u2019Utente che si connette all\u2019Applicazione, gli indirizzi in notazione URI (Uniform Resource Identifier), l\u2019orario della richiesta, il metodo utilizzato nel sottoporre la richiesta al server, la dimensione del file ottenuto in risposta, il codice numerico indicante lo stato della risposta dal server (buon fine, errore, ecc.) il Paese di provenienza, le caratteristiche del browser e del sistema operativo utilizzati dal visitatore, le varie connotazioni temporali della visita (ad esempio il tempo di permanenza su ciascuna pagina) e i dettagli relativi all\u2019itinerario seguito all\u2019interno dell\u2019Applicazione, con particolare riferimento alla sequenza delle pagine consultate, ai parametri relativi al sistema operativo e all\u2019ambiente informatico dell\u2019Utente.<\/p>\n\n\n\n<h4 class=\"wp-block-heading\">Utente<\/h4>\n\n\n\n<p>L\u2019individuo che utilizza questa Applicazione, che deve coincidere con l\u2019Interessato o essere da questo autorizzato ed i cui Dati Personali sono oggetto del trattamento.<\/p>\n\n\n\n<h4 class=\"wp-block-heading\">Interessato<\/h4>\n\n\n\n<p>La persona fisica o giuridica cui si riferiscono i Dati Personali.<\/p>\n\n\n\n<h4 class=\"wp-block-heading\">Responsabile del Trattamento (o Responsabile)<\/h4>\n\n\n\n<p>La persona fisica, giuridica, la pubblica amministrazione e qualsiasi altro ente, associazione od organismo preposti dal Titolare al trattamento dei Dati Personali, secondo quanto predisposto dalla presente privacy policy.<\/p>\n\n\n\n<h4 class=\"wp-block-heading\">Titolare del Trattamento (o Titolare)<\/h4>\n\n\n\n<p>La persona fisica, giuridica, la pubblica amministrazione e qualsiasi altro ente, associazione od organismo cui competono, anche unitamente ad altro titolare, le decisioni in ordine alle finalit\u00e0, alle modalit\u00e0 del trattamento di dati personali ed agli strumenti utilizzati, ivi compreso il profilo della sicurezza, in relazione al funzionamento e alla fruizione di questa Applicazione. Il Titolare del Trattamento, salvo quanto diversamente specificato, \u00e8 il proprietario di questa Applicazione.<\/p>\n\n\n\n<h4 class=\"wp-block-heading\">Questa Applicazione<\/h4>\n\n\n\n<p>Lo strumento hardware o software mediante il quale sono raccolti i Dati Personali degli Utenti.<\/p>\n\n\n\n<h4 class=\"wp-block-heading\">Riferimenti legali<\/h4>\n\n\n\n<p>La presente informativa privacy \u00e8 redatta sulla base di molteplici ordinamenti legislativi, inclusi gli artt. 13 e 14 del Regolamento (UE) 2016\/679.<br>Ove non diversamente specificato, questa informativa privacy riguarda esclusivamente questa Applicazione.<\/p>\n\n\n\n<hr class=\"wp-block-separator has-alpha-channel-opacity\"\/>\n\n\n\n<h2 class=\"wp-block-heading\">Cookie<\/h2>\n\n\n\n<h3 class=\"wp-block-heading\">Cosa sono i Cookie?<\/h3>\n\n\n\n<p>Un cookie \u00e8 un file di testo che un sito invia al browser e salva sul tuo computer quando visiti dei siti internet. I cookie sono utilizzati per far funzionare i siti web in maniera pi\u00f9 efficiente, per migliorarne le prestazioni, fornire informazioni ai proprietari del sito.<\/p>\n\n\n\n<h3 class=\"wp-block-heading\">Utilizzo dei cookies<\/h3>\n\n\n\n<p>Il sito web, per un miglior funzionamento e per garantire servizi erogati da terze parti utilizza Cookies rilasciati dal TITOLARE o da terze parti.<\/p>\n\n\n\n<h3 class=\"wp-block-heading\">I cookie rilasciati dal TITOLARE<\/h3>\n\n\n\n<p>I cookies rilasciati dal TITOLARE navigando in questo sito web sono \u201ctecnici\u201d e sono quelli utilizzati al solo fine di \u201ceffettuare la trasmissione di una comunicazione su una rete di comunicazione elettronica, o nella misura strettamente necessaria al fornitore di un servizio della societ\u00e0 dell\u2019informazione esplicitamente richiesto dall\u2019abbonato o dall\u2019utente a erogare tale servizio\u201d (cfr. art. 122, comma 1, del Codice). Essi non vengono utilizzati per scopi ulteriori, e vengono installati con la normale navigazione nelle nostre pagine. Possono essere suddivisi in cookie di navigazione o di sessione, che garantiscono la normale navigazione e fruizione del sito web (permettendo di realizzare un acquisto o autenticarsi per accedere ad aree riservate); cookie di funzionalit\u00e0, che permettono all\u2019utente la navigazione in funzione di una serie di criteri selezionati (ad esempio, la lingua, i prodotti selezionati per l\u2019acquisto, ecc.) al fine di migliorare il servizio reso allo stesso. Per l\u2019installazione di tali cookie non \u00e8 richiesto il preventivo consenso degli utenti, mentre resta fermo l\u2019obbligo di dare la presente informativa ai sensi dell\u2019art. 13 del Codice.<\/p>\n\n\n\n<h3 class=\"wp-block-heading\">Cookies di terze parti per finalit\u00e0 statistiche o tecniche<\/h3>\n\n\n\n<p>Nel corso della navigazione sul sito, l\u2019utente pu\u00f2 ricevere sul proprio terminale anche cookie di fornitori diversi (c.d. cookie di \u201cterze parti\u201d); ci\u00f2 accade perch\u00e9 sul sito web visitato possono essere presenti elementi che risiedono su server diversi da quello sul quale si trova la pagina richiesta.<br><br>IL TITOLARE usa cookies di terze parti solo per finalit\u00e0 tecniche, ad esempio cookies rilasciati per analizzare statisticamente gli accessi\/le visite al sito (cookie cosiddetti \u201canalytics\u201d) o per permettere l\u2019utilizzo di parti di codice rilasciate da soggetti terzi, che garantiscono un miglior uso del servizio (autenticazioni, pagine di amministrazione ecc.)<br><br>I cookies di terze parti utilizzati in questo sito e le modalit\u00e0 per gestire l\u2019opt out (la disattivazione dei medesimi) sono di seguito indicati:<br><br>\u2013 Google Analytics: servizio di analisi del traffico web fornito da Google, Inc. (\u201cGoogle\u201d).<br><br>Tali cookie sono usati al solo fine di monitorare e migliorare le prestazioni del sito. Per ulteriori informazioni, si rinvia al link di seguito indicato:&nbsp;<a href=\"https:\/\/www.google.it\/policies\/privacy\/partners\/\" target=\"_blank\" rel=\"noreferrer noopener\">https:\/\/www.google.it\/policies\/privacy\/partners\/<\/a><br><br>L\u2019utente pu\u00f2 disabilitare in modo selettivo l\u2019azione di Google Analytics installando sul proprio browser la componente di opt-out fornito da Google. Per disabilitare l\u2019azione di Google Analytics, si rinvia al link di seguito indicato:&nbsp;<a href=\"https:\/\/tools.google.com\/dlpage\/gaoptout\" target=\"_blank\" rel=\"noreferrer noopener\">https:\/\/tools.google.com\/dlpage\/gaoptout<\/a><\/p>\n\n\n\n<h3 class=\"wp-block-heading\">Cookies di terze parti per finalit\u00e0 di profilazione \/ remarketing \/ social marketing<\/h3>\n\n\n\n<p>Nel corso della navigazione sul sito, l\u2019utente pu\u00f2 ricevere cookie di societ\u00e0 terze (c.d. cookie di \u201cterze parti\u201d) anche per ulteriori finalit\u00e0 non tecniche. Il sito, infatti, integra funzionalit\u00e0 sviluppate da terzi all\u2019interno delle proprie pagine, come le icone e le preferenze espresse nei social network, al fine di condivisione dei contenuti del sito. Questi cookie permettono inoltre di effettuare un\u2019attivit\u00e0 di analisi delle preferenze di navigazione, che vengono poi utilizzate per mostrare banner specifici o per attivit\u00e0 di \u201cremarketing\u201d. Ad esempio, quando lascer\u00e0 il sito web, le potranno essere proposti annunci pertinenti ai contenuti\/prodotti del sito web, mentre naviga su altri siti, utilizza app mobili o esegue ricerche su Google oppure utilizza i pi\u00f9 noti social network.<br><br>I cookies di terze parti utilizzati per tali finalit\u00e0 in questo sito, la relativa informativa completa e la possibilit\u00e0 di gestire il consenso, le modalit\u00e0 per gestire l\u2019opt out (la disattivazione dei medesimi) sono di seguito indicati:<br><br>\u2013 Google AdWords AdSense remarketing: informativa completa e modalit\u00e0 di opt out disponibili al sito&nbsp;<a href=\"http:\/\/www.google.com\/intl\/it\/policies\/technologies\/ads\/\" target=\"_blank\" rel=\"noreferrer noopener\">http:\/\/www.google.com\/intl\/it\/policies\/technologies\/ads\/<\/a><br>\u2013 Facebook: informativa completa e modalit\u00e0 di opt out disponibili al sito&nbsp;<a href=\"https:\/\/it-it.facebook.com\/help\/cookies\/\" target=\"_blank\" rel=\"noreferrer noopener\">https:\/\/it-it.facebook.com\/help\/cookies\/<\/a><br><br>Per disabilitare tali cookies \u00e8 inoltre possibile utilizzare idonee funzionalit\u00e0 e tool sul tuo browser, ovvero avvalersi dei servizi resi dal sito http:\/\/www.youronlinechoices.com\/it\/ gestito dalla European Interactive Digital Advertising Alliance (EDAA) che costituisce una guida sulla pubblicit\u00e0 comportamentale e la privacy online e dove troverete informazioni su come funziona la pubblicit\u00e0 comportamentale e molte informazioni su come gestire e disabilitare cookie oltre alle tappe da seguire per proteggere la privacy su internet.<\/p>\n\n\n\n<p>La legge afferma che possiamo memorizzare i cookie sul tuo dispositivo, se sono strettamente necessari per il funzionamento di questo sito e se i cookie statistici raccolgono e trasmettono informazioni in forma anonima.<br>Per tutti gli altri tipi di cookie ci serve il tuo permesso.<strong>Dichiarazione Cookie<\/strong><\/p>\n\n\n\n<h3 class=\"wp-block-heading\">Necessari<\/h3>\n\n\n\n<p>I cookie necessari contribuiscono a rendere fruibile il sito web le funzioni di base come la navigazione della pagina e l\u2019accesso alle aree protette, inoltre a capire come i visitatori interagiscono con esso raccogliendo e trasmettendo informazioni in forma anonima.<\/p>\n\n\n\n<figure class=\"wp-block-table\"><table><thead><tr><td><strong>Name<\/strong><\/td><td><strong>Tipo<\/strong><\/td><td><strong>Scopo<\/strong><\/td><td><strong>Scadenza<\/strong><\/td><td><strong>Fornitore<\/strong><\/td><\/tr><\/thead><tbody><tr><td>frontend<\/td><td>HTTP Cookie<\/td><td>Memorizza un ID casuale che garantisce che un utente possa essere identificato in modo univoco come ospite o utente connesso. Funzioni come \u201cUltimi elementi visualizzati\u201d o la conservazione dello stato di accesso sono collegati a questo cookie.<\/td><td>Session<\/td><td>www.relaisilfurioso.com<\/td><\/tr><tr><td>resolution<\/td><td>HTTP Cookie<\/td><td>Risoluzione del device per ottimizzare il template grafico.<\/td><td>Session<\/td><td>www.relaisilfurioso.com<\/td><\/tr><tr><td>layershow#<\/td><td>HTTP Cookie<\/td><td>Definisce dopo quanto tempo far ricomparire il layer allo stesso utente.<\/td><td>Variabile ma sempre inferiore a 7 giorni<\/td><td>www.relaisilfurioso.com<\/td><\/tr><tr><td>cookie_info<\/td><td>HTTP Cookie<\/td><td>Memorizza che l\u2019utente ha preso visione dell\u2019informativa dei cookie per il dominio corrente.<\/td><td>6 mesi<\/td><td>www.relaisilfurioso.com<\/td><\/tr><tr><td>adwb<\/td><td>HTTP Cookie<\/td><td>Contiene il sito di provenienza e il percorso di navigazione con data\/orario per ciascuna visita.<\/td><td>1 mese o cancellato al raggiungimento di una conversione.<\/td><td>www.relaisilfurioso.com<\/td><\/tr><tr><td>_ga<\/td><td>HTTP Cookie<\/td><td>Registra un ID univoco utilizzato per generare dati statistici su come il visitatore utilizza il sito internet.<\/td><td>2 anni<\/td><td>Google<\/td><\/tr><tr><td>_ga_#, _gat_#<\/td><td>HTTP Cookie<\/td><td>Utilizzato da Google Analytics per raccogliere dati sul numero di volte che un utente ha visitato il sito internet, oltre che i dati per la prima visita e la visita pi\u00f9 recente.<\/td><td>2 anni<\/td><td>Google<\/td><\/tr><tr><td>_gid<\/td><td>HTTP Cookie<\/td><td>Registra un ID univoco utilizzato per generare dati statistici su come il visitatore utilizza il sito internet.<\/td><td>1 giorno<\/td><td>Google<\/td><\/tr><\/tbody><\/table><\/figure>","protected":false},"excerpt":{"rendered":"<p>Gentile Utente desideriamo informarLa che il \u201cRegolamento Europeo 2016\/679 relativo alla protezione delle persone fisiche con riguardo al Trattamento dei Dati Personali, nonch\u00e9 alla libera circolazione di tali dati\u201d (da ora in poi \u201cGDPR\u201d) prevede la tutela delle persone e di altri soggetti rispetto al trattamento dei dati personali. IL FURIOSO di Nobile Alessandra, in [&hellip;]<\/p>","protected":false},"author":1,"featured_media":0,"parent":0,"menu_order":0,"comment_status":"closed","ping_status":"open","template":"","meta":{"footnotes":""},"class_list":["post-3","page","type-page","status-publish","hentry"],"_links":{"self":[{"href":"https:\/\/relaisilfurioso.com\/en\/wp-json\/wp\/v2\/pages\/3","targetHints":{"allow":["GET"]}}],"collection":[{"href":"https:\/\/relaisilfurioso.com\/en\/wp-json\/wp\/v2\/pages"}],"about":[{"href":"https:\/\/relaisilfurioso.com\/en\/wp-json\/wp\/v2\/types\/page"}],"author":[{"embeddable":true,"href":"https:\/\/relaisilfurioso.com\/en\/wp-json\/wp\/v2\/users\/1"}],"replies":[{"embeddable":true,"href":"https:\/\/relaisilfurioso.com\/en\/wp-json\/wp\/v2\/comments?post=3"}],"version-history":[{"count":5,"href":"https:\/\/relaisilfurioso.com\/en\/wp-json\/wp\/v2\/pages\/3\/revisions"}],"predecessor-version":[{"id":1962,"href":"https:\/\/relaisilfurioso.com\/en\/wp-json\/wp\/v2\/pages\/3\/revisions\/1962"}],"wp:attachment":[{"href":"https:\/\/relaisilfurioso.com\/en\/wp-json\/wp\/v2\/media?parent=3"}],"curies":[{"name":"wp","href":"https:\/\/api.w.org\/{rel}","templated":true}]}}